{"id":1586,"date":"2025-10-15T07:56:46","date_gmt":"2025-10-15T13:56:46","guid":{"rendered":"https:\/\/ilamatepecbackpackers.com\/?post_type=product&#038;p=1586"},"modified":"2025-10-15T17:38:43","modified_gmt":"2025-10-15T23:38:43","slug":"reserva-diaria","status":"publish","type":"product","link":"https:\/\/ilamatepecbackpackers.com\/en\/product\/reserva-diaria\/","title":{"rendered":"Daily Booking"},"content":{"rendered":"<h3>Live the Authentic Mountain Experience with Ilamatepec Backpackers<\/h3>\n<p>&nbsp;<\/p>\n<p><b>More than just a simple place to stay, we are a local family dedicated to offering you a cozy, straightforward refuge in the heart of Apaneca's coffee forest. Our space is designed to be your<\/b> es m\u00e1s que un simple alojamiento; somos una familia local dedicada a ofrecerte un refugio sencillo y acogedor en el coraz\u00f3n del bosque cafetalero de Apaneca. Nuestro espacio est\u00e1 dise\u00f1ado para ser tu <b>home away from home<\/b> and the perfect base for planning your adventures across the mountain range.<\/p>\n<p><b>Adventurer Accommodation<\/b><\/p>\n<p>Your reservation guarantees a comfortable spot in <b>Dorm Beds<\/b>, ideal for resting after a long hike. We are focused on providing a safe and warm environment for all travelers. From here, you'll have the information, support, and security you need to complete <b>Ilamatepec Crater Climbs<\/b>, exploration routes, or visits to nearby lagoons and the coast.<\/p>\n<p><b>Included Amenities and Common Areas<\/b><\/p>\n<p>To encourage community and a welcoming atmosphere, your stay grants full access to our vibrant shared spaces:<\/p>\n<ul>\n<li><b>Rustic Artisan Kitchen:<\/b> Equipped and ready for you to prepare your own meals.<\/li>\n<li><b>Deck and Panoramic Views:<\/b> The perfect spot to enjoy stunning sunsets and breathtaking views.<\/li>\n<li><b>Relaxation Areas:<\/b> Enjoy a good book or a nap in our <b>hammocks<\/b> and lounge chairs after a day of exploration.<\/li>\n<li><b>Shared Fridge:<\/b> Space available to store your food.<\/li>\n<li><b>Local support:<\/b> Receive tips and assistance to plan your routes with community guides, promoting conscious and sustainable tourism that <b>actively boosts the local economy<\/b>.<\/li>\n<\/ul>\n<p>Join us for an unforgettable experience of adventure, nature, and culture!<\/p>","protected":false},"excerpt":{"rendered":"<p><b>\u00a1Tu campamento base en el coraz\u00f3n de Ilamatepec!<\/b> Book your daily stay and join our coffee-growing family. This includes access to cozy rest areas, stunning views, and the absolute best starting point for your crater hike and exploration routes in Apaneca.<\/p>","protected":false},"featured_media":1654,"comment_status":"open","ping_status":"closed","template":"","meta":{"site-sidebar-layout":"default","site-content-layout":"","ast-site-content-layout":"default","site-content-style":"default","site-sidebar-style":"default","ast-global-header-display":"","ast-banner-title-visibility":"","ast-main-header-display":"","ast-hfb-above-header-display":"","ast-hfb-below-header-display":"","ast-hfb-mobile-header-display":"","site-post-title":"","ast-breadcrumbs-content":"","ast-featured-img":"","footer-sml-layout":"","ast-disable-related-posts":"","theme-transparent-header-meta":"default","adv-header-id-meta":"","stick-header-meta":"","header-above-stick-meta":"","header-main-stick-meta":"","header-below-stick-meta":"","astra-migrate-meta-layouts":"set","ast-page-background-enabled":"default","ast-page-background-meta":{"desktop":{"background-color":"","background-image":"","background-repeat":"repeat","background-position":"center center","background-size":"auto","background-attachment":"scroll","background-type":"","background-media":"","overlay-type":"","overlay-color":"","overlay-opacity":"","overlay-gradient":""},"tablet":{"background-color":"","background-image":"","background-repeat":"repeat","background-position":"center center","background-size":"auto","background-attachment":"scroll","background-type":"","background-media":"","overlay-type":"","overlay-color":"","overlay-opacity":"","overlay-gradient":""},"mobile":{"background-color":"","background-image":"","background-repeat":"repeat","background-position":"center center","background-size":"auto","background-attachment":"scroll","background-type":"","background-media":"","overlay-type":"","overlay-color":"","overlay-opacity":"","overlay-gradient":""}},"ast-content-background-meta":{"desktop":{"background-color":"var(--ast-global-color-5)","background-image":"","background-repeat":"repeat","background-position":"center center","background-size":"auto","background-attachment":"scroll","background-type":"","background-media":"","overlay-type":"","overlay-color":"","overlay-opacity":"","overlay-gradient":""},"tablet":{"background-color":"var(--ast-global-color-5)","background-image":"","background-repeat":"repeat","background-position":"center center","background-size":"auto","background-attachment":"scroll","background-type":"","background-media":"","overlay-type":"","overlay-color":"","overlay-opacity":"","overlay-gradient":""},"mobile":{"background-color":"var(--ast-global-color-5)","background-image":"","background-repeat":"repeat","background-position":"center center","background-size":"auto","background-attachment":"scroll","background-type":"","background-media":"","overlay-type":"","overlay-color":"","overlay-opacity":"","overlay-gradient":""}}},"product_brand":[],"product_cat":[25,21],"product_tag":[],"mwb_booking_cost":[],"mwb_booking_service":[],"class_list":{"0":"post-1586","1":"product","2":"type-product","3":"status-publish","4":"has-post-thumbnail","6":"product_cat-booking","7":"product_cat-reservas","8":"desktop-align-left","9":"tablet-align-left","10":"mobile-align-left","12":"first","13":"instock","14":"virtual","15":"taxable","16":"purchasable","17":"product-type-mwb_booking"},"_links":{"self":[{"href":"https:\/\/ilamatepecbackpackers.com\/en\/wp-json\/wp\/v2\/product\/1586","targetHints":{"allow":["GET"]}}],"collection":[{"href":"https:\/\/ilamatepecbackpackers.com\/en\/wp-json\/wp\/v2\/product"}],"about":[{"href":"https:\/\/ilamatepecbackpackers.com\/en\/wp-json\/wp\/v2\/types\/product"}],"replies":[{"embeddable":true,"href":"https:\/\/ilamatepecbackpackers.com\/en\/wp-json\/wp\/v2\/comments?post=1586"}],"wp:featuredmedia":[{"embeddable":true,"href":"https:\/\/ilamatepecbackpackers.com\/en\/wp-json\/wp\/v2\/media\/1654"}],"wp:attachment":[{"href":"https:\/\/ilamatepecbackpackers.com\/en\/wp-json\/wp\/v2\/media?parent=1586"}],"wp:term":[{"taxonomy":"product_brand","embeddable":true,"href":"https:\/\/ilamatepecbackpackers.com\/en\/wp-json\/wp\/v2\/product_brand?post=1586"},{"taxonomy":"product_cat","embeddable":true,"href":"https:\/\/ilamatepecbackpackers.com\/en\/wp-json\/wp\/v2\/product_cat?post=1586"},{"taxonomy":"product_tag","embeddable":true,"href":"https:\/\/ilamatepecbackpackers.com\/en\/wp-json\/wp\/v2\/product_tag?post=1586"},{"taxonomy":"mwb_booking_cost","embeddable":true,"href":"https:\/\/ilamatepecbackpackers.com\/en\/wp-json\/wp\/v2\/mwb_booking_cost?post=1586"},{"taxonomy":"mwb_booking_service","embeddable":true,"href":"https:\/\/ilamatepecbackpackers.com\/en\/wp-json\/wp\/v2\/mwb_booking_service?post=1586"}],"curies":[{"name":"wp","href":"https:\/\/api.w.org\/{rel}","templated":true}]}}